{"id":2624,"date":"2020-03-31T19:36:31","date_gmt":"2020-03-31T17:36:31","guid":{"rendered":"https:\/\/www.netter.at\/urgesteine\/?page_id=2624"},"modified":"2020-04-08T16:37:04","modified_gmt":"2020-04-08T14:37:04","slug":"datenschutzerklaerung-2","status":"publish","type":"page","link":"https:\/\/www.netter.at\/urgesteine\/datenschutzerklaerung-2\/","title":{"rendered":"Datenschutzerkl\u00e4rung"},"content":{"rendered":"<div id='layer_slider_1'  class='avia-layerslider main_color avia-shadow  avia-builder-el-0  el_before_av_hr  avia-builder-el-first  container_wrap fullsize'  style='height: 721px; max-width: 1920px; margin: 0 auto;'  ><\/div><div id='after_layer_slider_1'  class='main_color av_default_container_wrap container_wrap fullsize'  ><div class='container av-section-cont-open' ><div class='template-page content  av-content-full alpha units'><div class='post-entry post-entry-type-page post-entry-2624'><div class='entry-content-wrapper clearfix'>\n<div  class='hr av-k8rfo72x-2d0c25768303a67766142532ccb2def9 hr-short  avia-builder-el-1  el_after_av_layerslider  el_before_av_one_full  avia-builder-el-first  hr-center'><span class='hr-inner '><span class=\"hr-inner-style\"><\/span><\/span><\/div>\n\n<style type=\"text\/css\" data-created_by=\"avia_inline_auto\" id=\"style-css-av-2lzjkw-18c79d9784d15e39615fc5b0b2422d8a\">\n.flex_column.av-2lzjkw-18c79d9784d15e39615fc5b0b2422d8a{\nborder-radius:0px 0px 0px 0px;\npadding:0px 0px 0px 0px;\n}\n<\/style>\n<div  class='flex_column av-2lzjkw-18c79d9784d15e39615fc5b0b2422d8a av_one_full  avia-builder-el-2  el_after_av_hr  avia-builder-el-last  first flex_column_div av-zero-column-padding  '     ><section  class='av_textblock_section av-k8g6nl45-22ecc2ec98eaa3d48e8e86950c2ef1a3 '   itemscope=\"itemscope\" itemtype=\"https:\/\/schema.org\/CreativeWork\" ><div class='avia_textblock'  itemprop=\"text\" ><p style=\"text-align: center;\"><strong>Datenschutzerkl\u00e4rung<\/strong><\/p>\n<p style=\"text-align: center;\">Der Schutz Ihrer pers\u00f6nlichen Daten ist uns ein besonderes Anliegen. Wir verarbeiten Ihre Daten daher ausschlie\u00dflich auf Grundlage der gesetzlichen Bestimmungen (DSGVO, TKG 2003). In diesen Datenschutzinformationen informieren wir Sie u\u0308ber die wichtigsten Aspekte der Datenverarbeitung im Rahmen unserer Website.<\/p>\n<p style=\"text-align: center;\"><strong>Kontakt mit uns<\/strong><br \/>\nWenn Sie per E-Mail Kontakt mit uns aufnehmen, werden Ihre angegebenen Daten zwecks Bearbeitung der Anfrage und fu\u0308r den Fall von Anschlussfragen sechs Monate bei uns gespeichert. Diese Daten geben wir nicht ohne Ihre Einwilligung weiter.<\/p>\n<p style=\"text-align: center;\"><strong>Cookies und Web-Analyse<\/strong><br \/>\nUnsere Website verwendet so genannte Cookies. Dabei handelt es sich um kleine Textdateien, die mit Hilfe des Browsers auf Ihrem Endger\u00e4t abgelegt werden. Sie richten keinen Schaden an.<\/p>\n<p style=\"text-align: center;\">Wir nutzen Cookies dazu, unser Angebot nutzerfreundlich zu gestalten. Einige Cookies bleiben auf Ihrem Endger\u00e4t gespeichert, bis Sie diese l\u00f6schen. Sie erm\u00f6glichen es uns, Ihren Browser beim n\u00e4chsten Besuch wiederzuerkennen.<\/p>\n<p style=\"text-align: center;\">Unsere Website verwendet Funktionen des Webanalysedienstes Google Analytics von Google LCC, Mountain View, California, United States of America. Die Beziehung zum Webanalyseanbieter Google LLC basiert auf dem Abkommen \u201ePrivacy Shield\u201c 2006. Dazu werden Cookies verwendet, die eine Analyse der Benutzung der Website durch Ihre Benutzer erm\u00f6glicht. Die dadurch erzeugten Informationen werden auf den Server des Anbieters u\u0308bertragen und dort gespeichert.<\/p>\n<p style=\"text-align: center;\">Sie k\u00f6nnen die Speicherung der Cookies durch eine entsprechende Einstellung Ihrer Browser-Software verhindern; wir weisen Sie jedoch darauf hin, dass Sie in diesem Fall gegebenenfalls nicht s\u00e4mtliche Funktionen dieser Website vollumf\u00e4nglich werden nutzen k\u00f6nnen. Sie k\u00f6nnen daru\u0308ber hinaus die Erfassung der durch das Cookie erzeugten und auf Ihre Nutzung der Website bezogenen Daten (inkl. Ihrer IP-Adresse) an Google sowie die Verarbeitung dieser Daten durch Google verhindern, indem Sie das unter dem folgenden Link (https:\/\/tools.google.com\/dlpage\/gaoptout?hl=de) verfu\u0308gbare Browser-Plugin herunterladen und installieren.<\/p>\n<p style=\"text-align: center;\">Wir haben mit dem Anbieter einen entsprechenden Vertrag zur Auftragsdatenverarbeitung abgeschlossen. N\u00e4here Informationen zu Nutzungsbedingungen und Datenschutz finden Sie unter https:\/\/www.google.com\/analytics\/terms\/de.html bzw. unter https:\/\/policies.google.com\/?hl=de.<\/p>\n<p style=\"text-align: center;\">Ihre IP-Adresse wird erfasst, aber umgehend durch L\u00f6schung der letzten 8 Bit mit der Option \u201eanonymizeIP\u201c pseudonymisiert. Dadurch ist nur mehr eine grobe Lokalisierung m\u00f6glich. Im Regelfall wird Ihre IP-Adresse von Google innerhalb von Mitgliedstaaten der Europ\u00e4ischen Union oder in anderen Vertragsstaaten des Abkommens u\u0308ber den Europ\u00e4ischen Wirtschaftsraum zuvor geku\u0308rzt. Nur in Ausnahmef\u00e4llen wird die volle IP-Adresse an einen Server von Google in den USA u\u0308bertragen und dort geku\u0308rzt. Die im Rahmen von Google Analytics von Ihrem Browser u\u0308bermittelte IP-Adresse wird nicht mit anderen Daten von Google zusammengefu\u0308hrt.<\/p>\n<p style=\"text-align: center;\">Die Datenverarbeitung erfolgt auf Basis der gesetzlichen Bestimmungen des \u00a7 96 Abs 3 TKG sowie des Art 6 Abs 1 lit a (Einwilligung) und\/oder f (berechtigtes Interesse) der DSGVO. Unser Anliegen im Sinne der DSGVO (berechtigtes Interesse) ist die Verbesserung unseres Angebotes und unseres Webauftritts. Die Nutzerdaten werden fu\u0308r die Dauer von 26 Monaten aufbewahrt.empfohlen<\/p>\n<p style=\"text-align: center;\"><strong>Ihre Rechte<\/strong><br \/>\nIhnen stehen grunds\u00e4tzlich die Rechte auf Auskunft, Berichtigung, L\u00f6schung, Einschr\u00e4nkung, Datenu\u0308bertragbarkeit, Widerruf und Widerspruch zu. Wenn Sie der Auffassung sind, dass die Verarbeitung Ihrer Daten gegen das Datenschutzrecht verst\u00f6\u00dft oder Ihre datenschutzrechtlichen Anspru\u0308che in sonst einer Weise verletzt worden sind, bitten wir Sie um Kontaktaufnahme. Sie k\u00f6nnen sich jedoch auch bei der Aufsichtsbeh\u00f6rde beschweren. In \u00d6sterreich ist dies die Datenschutzbeh\u00f6rde.<\/p>\n<p style=\"text-align: center;\"><strong>Sie erreichen uns unter folgenden Kontaktdaten<\/strong><\/p>\n<p style=\"text-align: center;\">MEDIENAGENTUR<br \/>\nMag.(FH) Georg Netter<br \/>\nObere Bachgasse 201<br \/>\n3610 Weissenkirchen<br \/>\ne-mail.: office@netter.at<br \/>\nTel.: 069911446567<\/p>\n<\/div><\/section><\/div>\n","protected":false},"excerpt":{"rendered":"","protected":false},"author":2,"featured_media":0,"parent":0,"menu_order":0,"comment_status":"closed","ping_status":"closed","template":"","meta":{"footnotes":""},"yoast_head":"<!-- This site is optimized with the Yoast SEO plugin v14.0.4 - https:\/\/yoast.com\/wordpress\/plugins\/seo\/ -->\n<title>Datenschutzerkl\u00e4rung - URGESTEINE\u2013GESTIRNE<\/title>\n<meta name=\"robots\" content=\"index, follow\" \/>\n<meta name=\"googlebot\" content=\"index, follow, max-snippet:-1, max-image-preview:large, max-video-preview:-1\" \/>\n<meta name=\"bingbot\" content=\"index, follow, max-snippet:-1, max-image-preview:large, max-video-preview:-1\" \/>\n<link rel=\"canonical\" href=\"https:\/\/www.netter.at\/urgesteine\/datenschutzerklaerung-2\/\" \/>\n<meta property=\"og:locale\" content=\"de_DE\" \/>\n<meta property=\"og:type\" content=\"article\" \/>\n<meta property=\"og:title\" content=\"Datenschutzerkl\u00e4rung - URGESTEINE\u2013GESTIRNE\" \/>\n<meta property=\"og:url\" content=\"https:\/\/www.netter.at\/urgesteine\/datenschutzerklaerung-2\/\" \/>\n<meta property=\"og:site_name\" content=\"URGESTEINE\u2013GESTIRNE\" \/>\n<meta property=\"article:modified_time\" content=\"2020-04-08T14:37:04+00:00\" \/>\n<meta name=\"twitter:card\" content=\"summary_large_image\" \/>\n<script type=\"application\/ld+json\" class=\"yoast-schema-graph\">{\"@context\":\"https:\/\/schema.org\",\"@graph\":[{\"@type\":\"WebSite\",\"@id\":\"https:\/\/www.netter.at\/urgesteine\/#website\",\"url\":\"https:\/\/www.netter.at\/urgesteine\/\",\"name\":\"URGESTEINE\\u2013GESTIRNE\",\"description\":\"WACHAUER URGESTEINE\",\"potentialAction\":[{\"@type\":\"SearchAction\",\"target\":\"https:\/\/www.netter.at\/urgesteine\/?s={search_term_string}\",\"query-input\":\"required name=search_term_string\"}],\"inLanguage\":\"de\"},{\"@type\":\"WebPage\",\"@id\":\"https:\/\/www.netter.at\/urgesteine\/datenschutzerklaerung-2\/#webpage\",\"url\":\"https:\/\/www.netter.at\/urgesteine\/datenschutzerklaerung-2\/\",\"name\":\"Datenschutzerkl\\u00e4rung - URGESTEINE\\u2013GESTIRNE\",\"isPartOf\":{\"@id\":\"https:\/\/www.netter.at\/urgesteine\/#website\"},\"datePublished\":\"2020-03-31T17:36:31+00:00\",\"dateModified\":\"2020-04-08T14:37:04+00:00\",\"inLanguage\":\"de\",\"potentialAction\":[{\"@type\":\"ReadAction\",\"target\":[\"https:\/\/www.netter.at\/urgesteine\/datenschutzerklaerung-2\/\"]}]}]}<\/script>\n<!-- \/ Yoast SEO plugin. -->","_links":{"self":[{"href":"https:\/\/www.netter.at\/urgesteine\/wp-json\/wp\/v2\/pages\/2624"}],"collection":[{"href":"https:\/\/www.netter.at\/urgesteine\/wp-json\/wp\/v2\/pages"}],"about":[{"href":"https:\/\/www.netter.at\/urgesteine\/wp-json\/wp\/v2\/types\/page"}],"author":[{"embeddable":true,"href":"https:\/\/www.netter.at\/urgesteine\/wp-json\/wp\/v2\/users\/2"}],"replies":[{"embeddable":true,"href":"https:\/\/www.netter.at\/urgesteine\/wp-json\/wp\/v2\/comments?post=2624"}],"version-history":[{"count":3,"href":"https:\/\/www.netter.at\/urgesteine\/wp-json\/wp\/v2\/pages\/2624\/revisions"}],"predecessor-version":[{"id":3056,"href":"https:\/\/www.netter.at\/urgesteine\/wp-json\/wp\/v2\/pages\/2624\/revisions\/3056"}],"wp:attachment":[{"href":"https:\/\/www.netter.at\/urgesteine\/wp-json\/wp\/v2\/media?parent=2624"}],"curies":[{"name":"wp","href":"https:\/\/api.w.org\/{rel}","templated":true}]}}