{"id":2407,"date":"2020-02-26T11:32:47","date_gmt":"2020-02-26T10:32:47","guid":{"rendered":"https:\/\/www.netter.at\/urgesteine\/?page_id=2407"},"modified":"2020-04-17T20:35:04","modified_gmt":"2020-04-17T18:35:04","slug":"mein-urgestein","status":"publish","type":"page","link":"https:\/\/www.netter.at\/urgesteine\/mein-urgestein\/","title":{"rendered":"Mein Urgestein"},"content":{"rendered":"<div id='layer_slider_1'  class='avia-layerslider main_color avia-shadow  avia-builder-el-0  el_before_av_one_full  avia-builder-el-first  container_wrap fullsize'  style='height: 721px; max-width: 1920px; margin: 0 auto;'  ><\/div><div id='after_layer_slider_1'  class='main_color av_default_container_wrap container_wrap fullsize'  ><div class='container av-section-cont-open' ><div class='template-page content  av-content-full alpha units'><div class='post-entry post-entry-type-page post-entry-2407'><div class='entry-content-wrapper clearfix'>\n\n<style type=\"text\/css\" data-created_by=\"avia_inline_auto\" id=\"style-css-av-2556pj-8d75b8570b695e58b2f5994fe94a2eb7\">\n.flex_column.av-2556pj-8d75b8570b695e58b2f5994fe94a2eb7{\nborder-radius:0px 0px 0px 0px;\npadding:0px 0px 0px 0px;\n}\n<\/style>\n<div  class='flex_column av-2556pj-8d75b8570b695e58b2f5994fe94a2eb7 av_one_full  avia-builder-el-1  el_after_av_layerslider  el_before_av_section  avia-builder-el-no-sibling  first flex_column_div av-zero-column-padding  '     ><section  class='av_textblock_section av-k8rg8lzi-457a0460843c7548fee1afd03aa8608f '   itemscope=\"itemscope\" itemtype=\"https:\/\/schema.org\/CreativeWork\" ><div class='avia_textblock'  itemprop=\"text\" ><h2 style=\"text-align: center;\">Sie sind ein URGESTEIN \u2013 Sie sind ein GESTIRN<\/h2>\n<\/div><\/section><\/div>\n<\/div><\/div><\/div><!-- close content main div --><\/div><\/div>\n<style type=\"text\/css\" data-created_by=\"avia_inline_auto\" id=\"style-css-av-k8vs0qhe-a672e73e235c7b9399d7418a22d80699\">\n.avia-section.av-k8vs0qhe-a672e73e235c7b9399d7418a22d80699 .av-parallax .av-parallax-inner{\nbackground-repeat:no-repeat;\nbackground-image:url(https:\/\/www.netter.at\/urgesteine\/wp-content\/uploads\/2020\/04\/Fels2-1.jpg);\nbackground-position:50% 0%;\nbackground-attachment:scroll;\n}\n<\/style>\n<div id='av_section_1'  class='avia-section av-k8vs0qhe-a672e73e235c7b9399d7418a22d80699 main_color avia-section-default avia-no-border-styling  avia-builder-el-3  el_after_av_one_full  el_before_av_section  avia-full-contain av-parallax-section avia-bg-style-parallax container_wrap fullsize'  data-section-bg-repeat='contain'><div class='av-parallax' data-avia-parallax-ratio='0.3' ><div class='av-parallax-inner main_color avia-full-contain'><\/div><\/div><div class='container av-section-cont-open' ><div class='template-page content  av-content-full alpha units'><div class='post-entry post-entry-type-page post-entry-2407'><div class='entry-content-wrapper clearfix'>\n\n<style type=\"text\/css\" data-created_by=\"avia_inline_auto\" id=\"style-css-av-4ds4vr-d06aa295bca297cd7567238e9feb9fcf\">\n.flex_column.av-4ds4vr-d06aa295bca297cd7567238e9feb9fcf{\nborder-radius:0px 0px 0px 0px;\npadding:0px 0px 0px 0px;\n}\n<\/style>\n<div  class='flex_column av-4ds4vr-d06aa295bca297cd7567238e9feb9fcf av_one_half  avia-builder-el-4  el_before_av_one_half  avia-builder-el-first  first flex_column_div av-hide-on-mobile av-zero-column-padding  '     ><\/div>\n<style type=\"text\/css\" data-created_by=\"avia_inline_auto\" id=\"style-css-av-2zqfrr-07f889feef21b50e8dc44ae7a6f734a3\">\n.flex_column.av-2zqfrr-07f889feef21b50e8dc44ae7a6f734a3{\nborder-radius:0px 0px 0px 0px;\npadding:5% 5% 5% 5%;\nbackground-color:#dbdbdb;\n}\n<\/style>\n<div  class='flex_column av-2zqfrr-07f889feef21b50e8dc44ae7a6f734a3 av_one_half  avia-builder-el-5  el_after_av_one_half  avia-builder-el-last  flex_column_div  '     ><section  class='av_textblock_section av-k736jtv5-1fc9ef4026ddf2965b017e6aacca57e0 '   itemscope=\"itemscope\" itemtype=\"https:\/\/schema.org\/CreativeWork\" ><div class='avia_textblock av_inherit_color'  itemprop=\"text\" ><h3><strong>Sie sind ein URGESTEIN<\/strong><\/h3>\n<p>Wenn Sie selbst als WACHAUER URGESTEIN portr\u00e4tiert werden wollen, so besteht diese M\u00f6glichkeit. Die WACHAUER URGESTEINE Bilder gibt es in zwei unterschiedlichen Varianten.<\/p>\n<ol>\n<li>Ausfu\u0308hrung der Bilder<br \/>\nNussholzrahmen handgefertigt in individueller Gr\u00f6\u00dfe fu\u0308r dieses Projekt produziert<br \/>\n\u2013 Bilder quadratisch 25\/25cm<br \/>\n\u2013 Bilder Hochformat 25\/35cm<br \/>\n\u2013 Bilder Querformat 38\/25cm<br \/>\nPassepartout handgeschnitten<br \/>\nDruck auf Hahnemu\u0308hlen Fineart Baryta Papier mit Pigmenttinte archivbest\u00e4ndig<\/li>\n<li>13x18cm mit wei\u00dfem Rand auf Canon Hochglanzpapier in Fineart-Qualit\u00e4t \u00e0 45 Euro inkl.Mwst (die BIlder werden in einer Leporellomappe zur Pr\u00e4sentation an den Kunden ausgeliefert)<\/li>\n<li>inklusive einer Urgesteinsseite auf www.urgesteine.at f\u00fcr mindestens 1Jahr bis auf Widerruf.<\/li>\n<\/ol>\n<p>Bitte nehmen Sie daf\u00fcr unter <a href=\"mailto:office@urgestein.at\" target=\"_blank\" rel=\"noopener noreferrer\">office@urgestein.at<\/a> Kontakt auf. Bei eigenem Wunsch der Portr\u00e4tierung besteht eine Abnahmeverpflichtung von\u00a0 mind.490 Euro inkl.Mwst.<\/p>\n<\/div><\/section><\/div><\/div><\/div><\/div><!-- close content main div --><\/div><\/div>\n<style type=\"text\/css\" data-created_by=\"avia_inline_auto\" id=\"style-css-av-k8r5lzfq-7365af64f1437750aa09757841f88f7f\">\n.avia-section.av-k8r5lzfq-7365af64f1437750aa09757841f88f7f .av-parallax .av-parallax-inner{\nbackground-color:#000000;\nbackground-image:url(https:\/\/www.netter.at\/urgesteine\/wp-content\/uploads\/2020\/04\/Supermond_FACEBOOK-1.jpg);\nbackground-repeat:no-repeat;\nbackground-position:100% 50%;\nbackground-attachment:scroll;\n}\n<\/style>\n<div id='av_section_2'  class='avia-section av-k8r5lzfq-7365af64f1437750aa09757841f88f7f main_color avia-section-default avia-no-border-styling  avia-builder-el-7  el_after_av_section  avia-builder-el-last  avia-full-contain av-parallax-section avia-bg-style-parallax av-minimum-height av-minimum-height-35 av-height-percent  container_wrap fullsize'  data-section-bg-repeat='contain' data-av_minimum_height_pc='35' data-av_min_height_opt='percent'><div class='av-parallax' data-avia-parallax-ratio='0.3' ><div class='av-parallax-inner main_color avia-full-contain'><\/div><\/div><div class='container av-section-cont-open' ><div class='template-page content  av-content-full alpha units'><div class='post-entry post-entry-type-page post-entry-2407'><div class='entry-content-wrapper clearfix'>\n\n<style type=\"text\/css\" data-created_by=\"avia_inline_auto\" id=\"style-css-av-k8r5nuz7-9fa709c68864de92ce85c1eb267a4df7\">\n#top .av_textblock_section.av-k8r5nuz7-9fa709c68864de92ce85c1eb267a4df7 .avia_textblock{\ncolor:#ffffff;\n}\n<\/style>\n<section  class='av_textblock_section av-k8r5nuz7-9fa709c68864de92ce85c1eb267a4df7 '   itemscope=\"itemscope\" itemtype=\"https:\/\/schema.org\/CreativeWork\" ><div class='avia_textblock av_inherit_color'  itemprop=\"text\" ><h3><strong>DU BIST EIN GESTIRN<\/strong><\/h3>\n<p>So wie Gestirne sich am <span class=\"st\">Firmament befinden so sind WACHAUER GESTIRNE junge Wachauer deren Charakter sich aus der Wachau \u00fcber die Wachau spannt. Wenn Du ein Gestirn bist und auf www.gestirne.at vertreten sein willst. Bitte um Kontaktaufnahme unter <a href=\"mailto:office@gestirne.at\" target=\"_blank\" rel=\"noopener noreferrer\">office@gestirne.at<\/a>.<\/span><\/p>\n<p>Bei der WACHAUER GESTIRNE Reihe besteht die M\u00f6glichkeit die Bilder in voller Aufl\u00f6sung f\u00fcr die eigene Verwendung im Betrieb oder nach eigenen Wunsch zu erwerben. ( n\u00e4her Details bez\u00fcglich Nutzung und Kosten bei Kontaktaufnahme)<\/p>\n<\/div><\/section>\n<\/p>\n","protected":false},"excerpt":{"rendered":"","protected":false},"author":2,"featured_media":0,"parent":0,"menu_order":0,"comment_status":"closed","ping_status":"closed","template":"","meta":{"footnotes":""},"yoast_head":"<!-- This site is optimized with the Yoast SEO plugin v14.0.4 - https:\/\/yoast.com\/wordpress\/plugins\/seo\/ -->\n<title>Mein Urgestein - URGESTEINE\u2013GESTIRNE<\/title>\n<meta name=\"robots\" content=\"index, follow\" \/>\n<meta name=\"googlebot\" content=\"index, follow, max-snippet:-1, max-image-preview:large, max-video-preview:-1\" \/>\n<meta name=\"bingbot\" content=\"index, follow, max-snippet:-1, max-image-preview:large, max-video-preview:-1\" \/>\n<link rel=\"canonical\" href=\"https:\/\/www.netter.at\/urgesteine\/mein-urgestein\/\" \/>\n<meta property=\"og:locale\" content=\"de_DE\" \/>\n<meta property=\"og:type\" content=\"article\" \/>\n<meta property=\"og:title\" content=\"Mein Urgestein - URGESTEINE\u2013GESTIRNE\" \/>\n<meta property=\"og:url\" content=\"https:\/\/www.netter.at\/urgesteine\/mein-urgestein\/\" \/>\n<meta property=\"og:site_name\" content=\"URGESTEINE\u2013GESTIRNE\" \/>\n<meta property=\"article:modified_time\" content=\"2020-04-17T18:35:04+00:00\" \/>\n<meta name=\"twitter:card\" content=\"summary_large_image\" \/>\n<script type=\"application\/ld+json\" class=\"yoast-schema-graph\">{\"@context\":\"https:\/\/schema.org\",\"@graph\":[{\"@type\":\"WebSite\",\"@id\":\"https:\/\/www.netter.at\/urgesteine\/#website\",\"url\":\"https:\/\/www.netter.at\/urgesteine\/\",\"name\":\"URGESTEINE\\u2013GESTIRNE\",\"description\":\"WACHAUER URGESTEINE\",\"potentialAction\":[{\"@type\":\"SearchAction\",\"target\":\"https:\/\/www.netter.at\/urgesteine\/?s={search_term_string}\",\"query-input\":\"required name=search_term_string\"}],\"inLanguage\":\"de\"},{\"@type\":\"WebPage\",\"@id\":\"https:\/\/www.netter.at\/urgesteine\/mein-urgestein\/#webpage\",\"url\":\"https:\/\/www.netter.at\/urgesteine\/mein-urgestein\/\",\"name\":\"Mein Urgestein - URGESTEINE\\u2013GESTIRNE\",\"isPartOf\":{\"@id\":\"https:\/\/www.netter.at\/urgesteine\/#website\"},\"datePublished\":\"2020-02-26T10:32:47+00:00\",\"dateModified\":\"2020-04-17T18:35:04+00:00\",\"inLanguage\":\"de\",\"potentialAction\":[{\"@type\":\"ReadAction\",\"target\":[\"https:\/\/www.netter.at\/urgesteine\/mein-urgestein\/\"]}]}]}<\/script>\n<!-- \/ Yoast SEO plugin. -->","_links":{"self":[{"href":"https:\/\/www.netter.at\/urgesteine\/wp-json\/wp\/v2\/pages\/2407"}],"collection":[{"href":"https:\/\/www.netter.at\/urgesteine\/wp-json\/wp\/v2\/pages"}],"about":[{"href":"https:\/\/www.netter.at\/urgesteine\/wp-json\/wp\/v2\/types\/page"}],"author":[{"embeddable":true,"href":"https:\/\/www.netter.at\/urgesteine\/wp-json\/wp\/v2\/users\/2"}],"replies":[{"embeddable":true,"href":"https:\/\/www.netter.at\/urgesteine\/wp-json\/wp\/v2\/comments?post=2407"}],"version-history":[{"count":38,"href":"https:\/\/www.netter.at\/urgesteine\/wp-json\/wp\/v2\/pages\/2407\/revisions"}],"predecessor-version":[{"id":3873,"href":"https:\/\/www.netter.at\/urgesteine\/wp-json\/wp\/v2\/pages\/2407\/revisions\/3873"}],"wp:attachment":[{"href":"https:\/\/www.netter.at\/urgesteine\/wp-json\/wp\/v2\/media?parent=2407"}],"curies":[{"name":"wp","href":"https:\/\/api.w.org\/{rel}","templated":true}]}}